{"id":29366,"date":"2025-07-26T21:28:59","date_gmt":"2025-07-26T19:28:59","guid":{"rendered":"https:\/\/faf-fr.ch\/?page_id=29366"},"modified":"2026-01-11T11:40:26","modified_gmt":"2026-01-11T10:40:26","slug":"diverses","status":"publish","type":"page","link":"https:\/\/faf-fr.ch\/fr\/diverses\/","title":{"rendered":"Divers"},"content":{"rendered":"<div data-elementor-type=\"wp-page\" data-elementor-id=\"29366\" class=\"elementor elementor-29366\">\n\t\t\t\t\t\t<section class=\"elementor-section elementor-top-section elementor-element elementor-element-5cfeb36 elementor-section-boxed elementor-section-height-default elementor-section-height-default\" data-id=\"5cfeb36\" data-element_type=\"section\" data-e-type=\"section\">\n\t\t\t\t\t\t<div class=\"elementor-container elementor-column-gap-default\">\n\t\t\t\t\t<div class=\"elementor-column elementor-col-100 elementor-top-column elementor-element elementor-element-584a075\" data-id=\"584a075\" data-element_type=\"column\" data-e-type=\"column\">\n\t\t\t<div class=\"elementor-widget-wrap elementor-element-populated\">\n\t\t\t\t\t\t<div class=\"elementor-element elementor-element-f420a46 elementor-widget elementor-widget-image\" data-id=\"f420a46\" data-element_type=\"widget\" data-e-type=\"widget\" data-widget_type=\"image.default\">\n\t\t\t\t<div class=\"elementor-widget-container\">\n\t\t\t\t\t\t\t\t\t\t\t\t\t\t\t<img fetchpriority=\"high\" decoding=\"async\" width=\"1240\" height=\"1748\" src=\"https:\/\/faf-fr.ch\/wp-content\/uploads\/2025\/07\/Formular-Steuerbefreiung-1.png\" class=\"attachment-2048x2048 size-2048x2048 wp-image-29378\" alt=\"\" srcset=\"https:\/\/faf-fr.ch\/wp-content\/uploads\/2025\/07\/Formular-Steuerbefreiung-1.png 1240w, https:\/\/faf-fr.ch\/wp-content\/uploads\/2025\/07\/Formular-Steuerbefreiung-1-213x300.png 213w, https:\/\/faf-fr.ch\/wp-content\/uploads\/2025\/07\/Formular-Steuerbefreiung-1-726x1024.png 726w, https:\/\/faf-fr.ch\/wp-content\/uploads\/2025\/07\/Formular-Steuerbefreiung-1-768x1083.png 768w, https:\/\/faf-fr.ch\/wp-content\/uploads\/2025\/07\/Formular-Steuerbefreiung-1-1090x1536.png 1090w, https:\/\/faf-fr.ch\/wp-content\/uploads\/2025\/07\/Formular-Steuerbefreiung-1-9x12.png 9w\" sizes=\"(max-width: 1240px) 100vw, 1240px\" \/>\t\t\t\t\t\t\t\t\t\t\t\t\t\t\t<\/div>\n\t\t\t\t<\/div>\n\t\t\t\t\t<\/div>\n\t\t<\/div>\n\t\t\t\t\t<\/div>\n\t\t<\/section>\n\t\t\t\t<section class=\"elementor-section elementor-top-section elementor-element elementor-element-061805d elementor-section-boxed elementor-section-height-default elementor-section-height-default\" data-id=\"061805d\" data-element_type=\"section\" data-e-type=\"section\">\n\t\t\t\t\t\t<div class=\"elementor-container elementor-column-gap-default\">\n\t\t\t\t\t<div class=\"elementor-column elementor-col-100 elementor-top-column elementor-element elementor-element-9e355f7\" data-id=\"9e355f7\" data-element_type=\"column\" data-e-type=\"column\">\n\t\t\t<div class=\"elementor-widget-wrap elementor-element-populated\">\n\t\t\t\t\t\t<div class=\"elementor-element elementor-element-3594a77 elementor-widget-divider--view-line elementor-widget elementor-widget-divider\" data-id=\"3594a77\" data-element_type=\"widget\" data-e-type=\"widget\" data-widget_type=\"divider.default\">\n\t\t\t\t<div class=\"elementor-widget-container\">\n\t\t\t\t\t\t\t<div class=\"elementor-divider\">\n\t\t\t<span class=\"elementor-divider-separator\">\n\t\t\t\t\t\t<\/span>\n\t\t<\/div>\n\t\t\t\t\t\t<\/div>\n\t\t\t\t<\/div>\n\t\t\t\t\t<\/div>\n\t\t<\/div>\n\t\t\t\t\t<\/div>\n\t\t<\/section>\n\t\t\t\t<section class=\"elementor-section elementor-top-section elementor-element elementor-element-0361c67 elementor-section-boxed elementor-section-height-default elementor-section-height-default\" data-id=\"0361c67\" data-element_type=\"section\" data-e-type=\"section\">\n\t\t\t\t\t\t<div class=\"elementor-container elementor-column-gap-default\">\n\t\t\t\t\t<div class=\"elementor-column elementor-col-100 elementor-top-column elementor-element elementor-element-073eb91\" data-id=\"073eb91\" data-element_type=\"column\" data-e-type=\"column\">\n\t\t\t<div class=\"elementor-widget-wrap elementor-element-populated\">\n\t\t\t\t\t\t<div class=\"elementor-element elementor-element-ad7e5dd elementor-align-center elementor-widget elementor-widget-button\" data-id=\"ad7e5dd\" data-element_type=\"widget\" data-e-type=\"widget\" data-widget_type=\"button.default\">\n\t\t\t\t<div class=\"elementor-widget-container\">\n\t\t\t\t\t\t\t\t\t<div class=\"elementor-button-wrapper\">\n\t\t\t\t\t<a class=\"elementor-button elementor-button-link elementor-size-sm\" href=\"https:\/\/faf-fr.ch\/wp-content\/uploads\/2025\/07\/De_Annonce-de-dons.docx\" target=\"_blank\">\n\t\t\t\t\t\t<span class=\"elementor-button-content-wrapper\">\n\t\t\t\t\t\t<span class=\"elementor-button-icon\">\n\t\t\t\t<i aria-hidden=\"true\" class=\"far fa-arrow-alt-circle-down\"><\/i>\t\t\t<\/span>\n\t\t\t\t\t\t\t\t\t<span class=\"elementor-button-text\">Meldeformular Spende<\/span>\n\t\t\t\t\t<\/span>\n\t\t\t\t\t<\/a>\n\t\t\t\t<\/div>\n\t\t\t\t\t\t\t\t<\/div>\n\t\t\t\t<\/div>\n\t\t\t\t<div class=\"elementor-element elementor-element-5cf6f93 elementor-align-center elementor-widget elementor-widget-button\" data-id=\"5cf6f93\" data-element_type=\"widget\" data-e-type=\"widget\" data-widget_type=\"button.default\">\n\t\t\t\t<div class=\"elementor-widget-container\">\n\t\t\t\t\t\t\t\t\t<div class=\"elementor-button-wrapper\">\n\t\t\t\t\t<a class=\"elementor-button elementor-button-link elementor-size-sm\" href=\"https:\/\/faf-fr.ch\/wp-content\/uploads\/2025\/07\/De_Annexe_Annonce-de-dons.docx\" target=\"_blank\">\n\t\t\t\t\t\t<span class=\"elementor-button-content-wrapper\">\n\t\t\t\t\t\t<span class=\"elementor-button-icon\">\n\t\t\t\t<i aria-hidden=\"true\" class=\"far fa-edit\"><\/i>\t\t\t<\/span>\n\t\t\t\t\t\t\t\t\t<span class=\"elementor-button-text\">Anhang Meldeformular Spende<\/span>\n\t\t\t\t\t<\/span>\n\t\t\t\t\t<\/a>\n\t\t\t\t<\/div>\n\t\t\t\t\t\t\t\t<\/div>\n\t\t\t\t<\/div>\n\t\t\t\t<div class=\"elementor-element elementor-element-4c3cf94 elementor-align-center elementor-widget elementor-widget-button\" data-id=\"4c3cf94\" data-element_type=\"widget\" data-e-type=\"widget\" data-widget_type=\"button.default\">\n\t\t\t\t<div class=\"elementor-widget-container\">\n\t\t\t\t\t\t\t\t\t<div class=\"elementor-button-wrapper\">\n\t\t\t\t\t<a class=\"elementor-button elementor-button-link elementor-size-sm\" href=\"https:\/\/faf-fr.ch\/wp-content\/uploads\/2025\/07\/Annonce-de-dons.docx\" target=\"_blank\">\n\t\t\t\t\t\t<span class=\"elementor-button-content-wrapper\">\n\t\t\t\t\t\t<span class=\"elementor-button-icon\">\n\t\t\t\t<i aria-hidden=\"true\" class=\"far fa-arrow-alt-circle-down\"><\/i>\t\t\t<\/span>\n\t\t\t\t\t\t\t\t\t<span class=\"elementor-button-text\">Annonce de dons<\/span>\n\t\t\t\t\t<\/span>\n\t\t\t\t\t<\/a>\n\t\t\t\t<\/div>\n\t\t\t\t\t\t\t\t<\/div>\n\t\t\t\t<\/div>\n\t\t\t\t<div class=\"elementor-element elementor-element-a39328f elementor-align-center elementor-widget elementor-widget-button\" data-id=\"a39328f\" data-element_type=\"widget\" data-e-type=\"widget\" data-widget_type=\"button.default\">\n\t\t\t\t<div class=\"elementor-widget-container\">\n\t\t\t\t\t\t\t\t\t<div class=\"elementor-button-wrapper\">\n\t\t\t\t\t<a class=\"elementor-button elementor-button-link elementor-size-sm\" href=\"https:\/\/faf-fr.ch\/wp-content\/uploads\/2025\/07\/Annexe_Annonce-de-dons.docx\" target=\"_blank\">\n\t\t\t\t\t\t<span class=\"elementor-button-content-wrapper\">\n\t\t\t\t\t\t<span class=\"elementor-button-icon\">\n\t\t\t\t<i aria-hidden=\"true\" class=\"far fa-edit\"><\/i>\t\t\t<\/span>\n\t\t\t\t\t\t\t\t\t<span class=\"elementor-button-text\">Annexe annonce de don<\/span>\n\t\t\t\t\t<\/span>\n\t\t\t\t\t<\/a>\n\t\t\t\t<\/div>\n\t\t\t\t\t\t\t\t<\/div>\n\t\t\t\t<\/div>\n\t\t\t\t\t<\/div>\n\t\t<\/div>\n\t\t\t\t\t<\/div>\n\t\t<\/section>\n\t\t\t\t<section class=\"elementor-section elementor-top-section elementor-element elementor-element-42601ba elementor-section-boxed elementor-section-height-default elementor-section-height-default\" data-id=\"42601ba\" data-element_type=\"section\" data-e-type=\"section\">\n\t\t\t\t\t\t<div class=\"elementor-container elementor-column-gap-default\">\n\t\t\t\t\t<div class=\"elementor-column elementor-col-100 elementor-top-column elementor-element elementor-element-4760622\" data-id=\"4760622\" data-element_type=\"column\" data-e-type=\"column\">\n\t\t\t<div class=\"elementor-widget-wrap elementor-element-populated\">\n\t\t\t\t\t\t<div class=\"elementor-element elementor-element-13bc33c elementor-widget-divider--view-line elementor-widget elementor-widget-divider\" data-id=\"13bc33c\" data-element_type=\"widget\" data-e-type=\"widget\" data-widget_type=\"divider.default\">\n\t\t\t\t<div class=\"elementor-widget-container\">\n\t\t\t\t\t\t\t<div class=\"elementor-divider\">\n\t\t\t<span class=\"elementor-divider-separator\">\n\t\t\t\t\t\t<\/span>\n\t\t<\/div>\n\t\t\t\t\t\t<\/div>\n\t\t\t\t<\/div>\n\t\t\t\t\t<\/div>\n\t\t<\/div>\n\t\t\t\t\t<\/div>\n\t\t<\/section>\n\t\t\t\t<section class=\"elementor-section elementor-top-section elementor-element elementor-element-a4ba974 elementor-section-boxed elementor-section-height-default elementor-section-height-default\" data-id=\"a4ba974\" data-element_type=\"section\" data-e-type=\"section\">\n\t\t\t\t\t\t<div class=\"elementor-container elementor-column-gap-default\">\n\t\t\t\t\t<div class=\"elementor-column elementor-col-100 elementor-top-column elementor-element elementor-element-978376e\" data-id=\"978376e\" data-element_type=\"column\" data-e-type=\"column\">\n\t\t\t<div class=\"elementor-widget-wrap elementor-element-populated\">\n\t\t\t\t\t\t<div class=\"elementor-element elementor-element-23bb727 elementor-widget elementor-widget-text-editor\" data-id=\"23bb727\" data-element_type=\"widget\" data-e-type=\"widget\" data-widget_type=\"text-editor.default\">\n\t\t\t\t<div class=\"elementor-widget-container\">\n\t\t\t\t\t\t\t\t\t<p>Les membres de la FAF peuvent t\u00e9l\u00e9charger ici les formulaires n\u00e9cessaires pour d\u00e9clarer comme don exon\u00e9r\u00e9 d'imp\u00f4t leurs d\u00e9penses non couvertes pour les enfants accueillis .\u00a0 \u00a0<\/p>\t\t\t\t\t\t\t\t<\/div>\n\t\t\t\t<\/div>\n\t\t\t\t\t<\/div>\n\t\t<\/div>\n\t\t\t\t\t<\/div>\n\t\t<\/section>\n\t\t\t\t<section class=\"elementor-section elementor-top-section elementor-element elementor-element-7d0938a elementor-section-boxed elementor-section-height-default elementor-section-height-default\" data-id=\"7d0938a\" data-element_type=\"section\" data-e-type=\"section\">\n\t\t\t\t\t\t<div class=\"elementor-container elementor-column-gap-default\">\n\t\t\t\t\t<div class=\"elementor-column elementor-col-100 elementor-top-column elementor-element elementor-element-43fd2cd\" data-id=\"43fd2cd\" data-element_type=\"column\" data-e-type=\"column\">\n\t\t\t<div class=\"elementor-widget-wrap elementor-element-populated\">\n\t\t\t\t\t\t<div class=\"elementor-element elementor-element-305640e elementor-widget-divider--view-line elementor-widget elementor-widget-divider\" data-id=\"305640e\" data-element_type=\"widget\" data-e-type=\"widget\" data-widget_type=\"divider.default\">\n\t\t\t\t<div class=\"elementor-widget-container\">\n\t\t\t\t\t\t\t<div class=\"elementor-divider\">\n\t\t\t<span class=\"elementor-divider-separator\">\n\t\t\t\t\t\t<\/span>\n\t\t<\/div>\n\t\t\t\t\t\t<\/div>\n\t\t\t\t<\/div>\n\t\t\t\t\t<\/div>\n\t\t<\/div>\n\t\t\t\t\t<\/div>\n\t\t<\/section>\n\t\t\t\t<section class=\"elementor-section elementor-top-section elementor-element elementor-element-d945f92 elementor-section-boxed elementor-section-height-default elementor-section-height-default\" data-id=\"d945f92\" data-element_type=\"section\" data-e-type=\"section\">\n\t\t\t\t\t\t<div class=\"elementor-container elementor-column-gap-default\">\n\t\t\t\t\t<div class=\"elementor-column elementor-col-100 elementor-top-column elementor-element elementor-element-5f420d0\" data-id=\"5f420d0\" data-element_type=\"column\" data-e-type=\"column\">\n\t\t\t<div class=\"elementor-widget-wrap elementor-element-populated\">\n\t\t\t\t\t\t<div class=\"elementor-element elementor-element-26552cb elementor-widget elementor-widget-image\" data-id=\"26552cb\" data-element_type=\"widget\" data-e-type=\"widget\" data-widget_type=\"image.default\">\n\t\t\t\t<div class=\"elementor-widget-container\">\n\t\t\t\t\t\t\t\t\t\t\t\t\t\t\t<img decoding=\"async\" width=\"843\" height=\"403\" src=\"https:\/\/faf-fr.ch\/wp-content\/uploads\/2025\/04\/FAF_Logo_Final_SD-2-1024x489.png\" class=\"attachment-large size-large wp-image-29275\" alt=\"\" srcset=\"https:\/\/faf-fr.ch\/wp-content\/uploads\/2025\/04\/FAF_Logo_Final_SD-2-1024x489.png 1024w, https:\/\/faf-fr.ch\/wp-content\/uploads\/2025\/04\/FAF_Logo_Final_SD-2-300x143.png 300w, https:\/\/faf-fr.ch\/wp-content\/uploads\/2025\/04\/FAF_Logo_Final_SD-2-768x367.png 768w, https:\/\/faf-fr.ch\/wp-content\/uploads\/2025\/04\/FAF_Logo_Final_SD-2-1536x734.png 1536w, https:\/\/faf-fr.ch\/wp-content\/uploads\/2025\/04\/FAF_Logo_Final_SD-2-2048x978.png 2048w, https:\/\/faf-fr.ch\/wp-content\/uploads\/2025\/04\/FAF_Logo_Final_SD-2-18x9.png 18w\" sizes=\"(max-width: 843px) 100vw, 843px\" \/>\t\t\t\t\t\t\t\t\t\t\t\t\t\t\t<\/div>\n\t\t\t\t<\/div>\n\t\t\t\t\t<\/div>\n\t\t<\/div>\n\t\t\t\t\t<\/div>\n\t\t<\/section>\n\t\t\t\t<\/div>","protected":false},"excerpt":{"rendered":"<p>Meldeformular Spende Anhang Meldeformular Spende Annonce de dons Annexe annonce de don Mitglieder der FAF k\u00f6nnen hier die n\u00f6tigen Formulare herunterladen, um ihre nicht abgedeckten&hellip;<\/p>","protected":false},"author":1,"featured_media":0,"parent":0,"menu_order":0,"comment_status":"closed","ping_status":"closed","template":"","meta":{"footnotes":""},"class_list":["post-29366","page","type-page","status-publish","hentry"],"yoast_head":"<!-- This site is optimized with the Yoast SEO plugin v24.9 - https:\/\/yoast.com\/wordpress\/plugins\/seo\/ -->\n<title>Diverses - FAF<\/title>\n<meta name=\"robots\" content=\"index, follow, max-snippet:-1, max-image-preview:large, max-video-preview:-1\" \/>\n<link rel=\"canonical\" href=\"https:\/\/faf-fr.ch\/fr\/diverses\/\" \/>\n<meta property=\"og:locale\" content=\"fr_FR\" \/>\n<meta property=\"og:type\" content=\"article\" \/>\n<meta property=\"og:title\" content=\"Diverses - FAF\" \/>\n<meta property=\"og:description\" content=\"Meldeformular Spende Anhang Meldeformular Spende Annonce de dons Annexe annonce de don Mitglieder der FAF k\u00f6nnen hier die n\u00f6tigen Formulare herunterladen, um ihre nicht abgedeckten&hellip;\" \/>\n<meta property=\"og:url\" content=\"https:\/\/faf-fr.ch\/fr\/diverses\/\" \/>\n<meta property=\"og:site_name\" content=\"FAF\" \/>\n<meta property=\"article:modified_time\" content=\"2026-01-11T10:40:26+00:00\" \/>\n<meta property=\"og:image\" content=\"https:\/\/faf-fr.ch\/wp-content\/uploads\/2025\/07\/Formular-Steuerbefreiung-1.png\" \/>\n\t<meta property=\"og:image:width\" content=\"1240\" \/>\n\t<meta property=\"og:image:height\" content=\"1748\" \/>\n\t<meta property=\"og:image:type\" content=\"image\/png\" \/>\n<meta name=\"twitter:card\" content=\"summary_large_image\" \/>\n<meta name=\"twitter:label1\" content=\"Dur\u00e9e de lecture estim\u00e9e\" \/>\n\t<meta name=\"twitter:data1\" content=\"1 minute\" \/>\n<script type=\"application\/ld+json\" class=\"yoast-schema-graph\">{\"@context\":\"https:\/\/schema.org\",\"@graph\":[{\"@type\":\"WebPage\",\"@id\":\"https:\/\/faf-fr.ch\/diverses\/\",\"url\":\"https:\/\/faf-fr.ch\/diverses\/\",\"name\":\"Diverses - FAF\",\"isPartOf\":{\"@id\":\"https:\/\/faf-fr.ch\/#website\"},\"primaryImageOfPage\":{\"@id\":\"https:\/\/faf-fr.ch\/diverses\/#primaryimage\"},\"image\":{\"@id\":\"https:\/\/faf-fr.ch\/diverses\/#primaryimage\"},\"thumbnailUrl\":\"https:\/\/faf-fr.ch\/wp-content\/uploads\/2025\/07\/Formular-Steuerbefreiung-1.png\",\"datePublished\":\"2025-07-26T19:28:59+00:00\",\"dateModified\":\"2026-01-11T10:40:26+00:00\",\"breadcrumb\":{\"@id\":\"https:\/\/faf-fr.ch\/diverses\/#breadcrumb\"},\"inLanguage\":\"fr-FR\",\"potentialAction\":[{\"@type\":\"ReadAction\",\"target\":[\"https:\/\/faf-fr.ch\/diverses\/\"]}]},{\"@type\":\"ImageObject\",\"inLanguage\":\"fr-FR\",\"@id\":\"https:\/\/faf-fr.ch\/diverses\/#primaryimage\",\"url\":\"https:\/\/faf-fr.ch\/wp-content\/uploads\/2025\/07\/Formular-Steuerbefreiung-1.png\",\"contentUrl\":\"https:\/\/faf-fr.ch\/wp-content\/uploads\/2025\/07\/Formular-Steuerbefreiung-1.png\"},{\"@type\":\"BreadcrumbList\",\"@id\":\"https:\/\/faf-fr.ch\/diverses\/#breadcrumb\",\"itemListElement\":[{\"@type\":\"ListItem\",\"position\":1,\"name\":\"Startseite\",\"item\":\"https:\/\/faf-fr.ch\/\"},{\"@type\":\"ListItem\",\"position\":2,\"name\":\"Diverses\"}]},{\"@type\":\"WebSite\",\"@id\":\"https:\/\/faf-fr.ch\/#website\",\"url\":\"https:\/\/faf-fr.ch\/\",\"name\":\"FAF\",\"description\":\"Familles d&#039;accueil Fribourgeoises | Pflegefamilien Freiburg\",\"alternateName\":\"Famille d'accueil\",\"potentialAction\":[{\"@type\":\"SearchAction\",\"target\":{\"@type\":\"EntryPoint\",\"urlTemplate\":\"https:\/\/faf-fr.ch\/?s={search_term_string}\"},\"query-input\":{\"@type\":\"PropertyValueSpecification\",\"valueRequired\":true,\"valueName\":\"search_term_string\"}}],\"inLanguage\":\"fr-FR\"}]}<\/script>\n<!-- \/ Yoast SEO plugin. -->","yoast_head_json":{"title":"Diverses - FAF","robots":{"index":"index","follow":"follow","max-snippet":"max-snippet:-1","max-image-preview":"max-image-preview:large","max-video-preview":"max-video-preview:-1"},"canonical":"https:\/\/faf-fr.ch\/fr\/diverses\/","og_locale":"fr_FR","og_type":"article","og_title":"Diverses - FAF","og_description":"Meldeformular Spende Anhang Meldeformular Spende Annonce de dons Annexe annonce de don Mitglieder der FAF k\u00f6nnen hier die n\u00f6tigen Formulare herunterladen, um ihre nicht abgedeckten&hellip;","og_url":"https:\/\/faf-fr.ch\/fr\/diverses\/","og_site_name":"FAF","article_modified_time":"2026-01-11T10:40:26+00:00","og_image":[{"width":1240,"height":1748,"url":"https:\/\/faf-fr.ch\/wp-content\/uploads\/2025\/07\/Formular-Steuerbefreiung-1.png","type":"image\/png"}],"twitter_card":"summary_large_image","twitter_misc":{"Dur\u00e9e de lecture estim\u00e9e":"1 minute"},"schema":{"@context":"https:\/\/schema.org","@graph":[{"@type":"WebPage","@id":"https:\/\/faf-fr.ch\/diverses\/","url":"https:\/\/faf-fr.ch\/diverses\/","name":"Diverses - FAF","isPartOf":{"@id":"https:\/\/faf-fr.ch\/#website"},"primaryImageOfPage":{"@id":"https:\/\/faf-fr.ch\/diverses\/#primaryimage"},"image":{"@id":"https:\/\/faf-fr.ch\/diverses\/#primaryimage"},"thumbnailUrl":"https:\/\/faf-fr.ch\/wp-content\/uploads\/2025\/07\/Formular-Steuerbefreiung-1.png","datePublished":"2025-07-26T19:28:59+00:00","dateModified":"2026-01-11T10:40:26+00:00","breadcrumb":{"@id":"https:\/\/faf-fr.ch\/diverses\/#breadcrumb"},"inLanguage":"fr-FR","potentialAction":[{"@type":"ReadAction","target":["https:\/\/faf-fr.ch\/diverses\/"]}]},{"@type":"ImageObject","inLanguage":"fr-FR","@id":"https:\/\/faf-fr.ch\/diverses\/#primaryimage","url":"https:\/\/faf-fr.ch\/wp-content\/uploads\/2025\/07\/Formular-Steuerbefreiung-1.png","contentUrl":"https:\/\/faf-fr.ch\/wp-content\/uploads\/2025\/07\/Formular-Steuerbefreiung-1.png"},{"@type":"BreadcrumbList","@id":"https:\/\/faf-fr.ch\/diverses\/#breadcrumb","itemListElement":[{"@type":"ListItem","position":1,"name":"Startseite","item":"https:\/\/faf-fr.ch\/"},{"@type":"ListItem","position":2,"name":"Diverses"}]},{"@type":"WebSite","@id":"https:\/\/faf-fr.ch\/#website","url":"https:\/\/faf-fr.ch\/","name":"FAF","description":"Familles d&#039;accueil Fribourgeoises | Pflegefamilien Freiburg","alternateName":"Famille d'accueil","potentialAction":[{"@type":"SearchAction","target":{"@type":"EntryPoint","urlTemplate":"https:\/\/faf-fr.ch\/?s={search_term_string}"},"query-input":{"@type":"PropertyValueSpecification","valueRequired":true,"valueName":"search_term_string"}}],"inLanguage":"fr-FR"}]}},"_links":{"self":[{"href":"https:\/\/faf-fr.ch\/fr\/wp-json\/wp\/v2\/pages\/29366","targetHints":{"allow":["GET"]}}],"collection":[{"href":"https:\/\/faf-fr.ch\/fr\/wp-json\/wp\/v2\/pages"}],"about":[{"href":"https:\/\/faf-fr.ch\/fr\/wp-json\/wp\/v2\/types\/page"}],"author":[{"embeddable":true,"href":"https:\/\/faf-fr.ch\/fr\/wp-json\/wp\/v2\/users\/1"}],"replies":[{"embeddable":true,"href":"https:\/\/faf-fr.ch\/fr\/wp-json\/wp\/v2\/comments?post=29366"}],"version-history":[{"count":22,"href":"https:\/\/faf-fr.ch\/fr\/wp-json\/wp\/v2\/pages\/29366\/revisions"}],"predecessor-version":[{"id":29460,"href":"https:\/\/faf-fr.ch\/fr\/wp-json\/wp\/v2\/pages\/29366\/revisions\/29460"}],"wp:attachment":[{"href":"https:\/\/faf-fr.ch\/fr\/wp-json\/wp\/v2\/media?parent=29366"}],"curies":[{"name":"wp","href":"https:\/\/api.w.org\/{rel}","templated":true}]}}