{"id":29286,"date":"2025-04-19T22:38:10","date_gmt":"2025-04-19T20:38:10","guid":{"rendered":"https:\/\/faf-fr.ch\/?page_id=29286"},"modified":"2026-01-11T11:23:10","modified_gmt":"2026-01-11T10:23:10","slug":"careleaver","status":"publish","type":"page","link":"https:\/\/faf-fr.ch\/fr\/careleaver\/","title":{"rendered":"Careleaver"},"content":{"rendered":"<div data-elementor-type=\"wp-page\" data-elementor-id=\"29286\" class=\"elementor elementor-29286\">\n\t\t\t\t\t\t<section class=\"elementor-section elementor-top-section elementor-element elementor-element-f14574a elementor-section-boxed elementor-section-height-default elementor-section-height-default\" data-id=\"f14574a\" data-element_type=\"section\" data-e-type=\"section\">\n\t\t\t\t\t\t<div class=\"elementor-container elementor-column-gap-default\">\n\t\t\t\t\t<div class=\"elementor-column elementor-col-100 elementor-top-column elementor-element elementor-element-0b691b6\" data-id=\"0b691b6\" data-element_type=\"column\" data-e-type=\"column\">\n\t\t\t<div class=\"elementor-widget-wrap elementor-element-populated\">\n\t\t\t\t\t\t<div class=\"elementor-element elementor-element-58b6315 elementor-widget elementor-widget-image\" data-id=\"58b6315\" data-element_type=\"widget\" data-e-type=\"widget\" data-widget_type=\"image.default\">\n\t\t\t\t<div class=\"elementor-widget-container\">\n\t\t\t\t\t\t\t\t\t\t\t\t\t\t\t<img fetchpriority=\"high\" decoding=\"async\" width=\"252\" height=\"306\" src=\"https:\/\/faf-fr.ch\/wp-content\/uploads\/2025\/04\/Bildschirmfoto-2025-04-19-um-22.38.04.png\" class=\"attachment-large size-large wp-image-29289\" alt=\"\" srcset=\"https:\/\/faf-fr.ch\/wp-content\/uploads\/2025\/04\/Bildschirmfoto-2025-04-19-um-22.38.04.png 252w, https:\/\/faf-fr.ch\/wp-content\/uploads\/2025\/04\/Bildschirmfoto-2025-04-19-um-22.38.04-247x300.png 247w, https:\/\/faf-fr.ch\/wp-content\/uploads\/2025\/04\/Bildschirmfoto-2025-04-19-um-22.38.04-10x12.png 10w\" sizes=\"(max-width: 252px) 100vw, 252px\" \/>\t\t\t\t\t\t\t\t\t\t\t\t\t\t\t<\/div>\n\t\t\t\t<\/div>\n\t\t\t\t\t<\/div>\n\t\t<\/div>\n\t\t\t\t\t<\/div>\n\t\t<\/section>\n\t\t\t\t<section class=\"elementor-section elementor-top-section elementor-element elementor-element-8e68d0e elementor-section-boxed elementor-section-height-default elementor-section-height-default\" data-id=\"8e68d0e\" data-element_type=\"section\" data-e-type=\"section\">\n\t\t\t\t\t\t<div class=\"elementor-container elementor-column-gap-default\">\n\t\t\t\t\t<div class=\"elementor-column elementor-col-100 elementor-top-column elementor-element elementor-element-bf3b6f5\" data-id=\"bf3b6f5\" data-element_type=\"column\" data-e-type=\"column\">\n\t\t\t<div class=\"elementor-widget-wrap elementor-element-populated\">\n\t\t\t\t\t\t<div class=\"elementor-element elementor-element-7cdcdc8 elementor-widget elementor-widget-heading\" data-id=\"7cdcdc8\" data-element_type=\"widget\" data-e-type=\"widget\" data-widget_type=\"heading.default\">\n\t\t\t\t<div class=\"elementor-widget-container\">\n\t\t\t\t\t<h2 class=\"elementor-heading-title elementor-size-default\">Notre travail pour les Care Leaver<\/h2>\t\t\t\t<\/div>\n\t\t\t\t<\/div>\n\t\t\t\t\t<\/div>\n\t\t<\/div>\n\t\t\t\t\t<\/div>\n\t\t<\/section>\n\t\t\t\t<section class=\"elementor-section elementor-top-section elementor-element elementor-element-4c4fefa elementor-section-boxed elementor-section-height-default elementor-section-height-default\" data-id=\"4c4fefa\" data-element_type=\"section\" data-e-type=\"section\">\n\t\t\t\t\t\t<div class=\"elementor-container elementor-column-gap-default\">\n\t\t\t\t\t<div class=\"elementor-column elementor-col-100 elementor-top-column elementor-element elementor-element-5fa06a2\" data-id=\"5fa06a2\" data-element_type=\"column\" data-e-type=\"column\">\n\t\t\t<div class=\"elementor-widget-wrap elementor-element-populated\">\n\t\t\t\t\t\t<div class=\"elementor-element elementor-element-a1b060a elementor-widget-divider--view-line elementor-widget elementor-widget-divider\" data-id=\"a1b060a\" data-element_type=\"widget\" data-e-type=\"widget\" data-widget_type=\"divider.default\">\n\t\t\t\t<div class=\"elementor-widget-container\">\n\t\t\t\t\t\t\t<div class=\"elementor-divider\">\n\t\t\t<span class=\"elementor-divider-separator\">\n\t\t\t\t\t\t<\/span>\n\t\t<\/div>\n\t\t\t\t\t\t<\/div>\n\t\t\t\t<\/div>\n\t\t\t\t\t<\/div>\n\t\t<\/div>\n\t\t\t\t\t<\/div>\n\t\t<\/section>\n\t\t\t\t<section class=\"elementor-section elementor-top-section elementor-element elementor-element-c60790f elementor-section-boxed elementor-section-height-default elementor-section-height-default\" data-id=\"c60790f\" data-element_type=\"section\" data-e-type=\"section\">\n\t\t\t\t\t\t<div class=\"elementor-container elementor-column-gap-default\">\n\t\t\t\t\t<div class=\"elementor-column elementor-col-100 elementor-top-column elementor-element elementor-element-322743c\" data-id=\"322743c\" data-element_type=\"column\" data-e-type=\"column\">\n\t\t\t<div class=\"elementor-widget-wrap elementor-element-populated\">\n\t\t\t\t\t\t<div class=\"elementor-element elementor-element-9ae30a6 elementor-arrows-position-inside elementor-pagination-position-outside elementor-widget elementor-widget-image-carousel\" data-id=\"9ae30a6\" data-element_type=\"widget\" data-e-type=\"widget\" data-settings=\"{&quot;slides_to_show&quot;:&quot;2&quot;,&quot;image_spacing_custom&quot;:{&quot;unit&quot;:&quot;px&quot;,&quot;size&quot;:0,&quot;sizes&quot;:[]},&quot;navigation&quot;:&quot;both&quot;,&quot;autoplay&quot;:&quot;yes&quot;,&quot;pause_on_hover&quot;:&quot;yes&quot;,&quot;pause_on_interaction&quot;:&quot;yes&quot;,&quot;autoplay_speed&quot;:5000,&quot;speed&quot;:500,&quot;image_spacing_custom_tablet&quot;:{&quot;unit&quot;:&quot;px&quot;,&quot;size&quot;:&quot;&quot;,&quot;sizes&quot;:[]},&quot;image_spacing_custom_mobile&quot;:{&quot;unit&quot;:&quot;px&quot;,&quot;size&quot;:&quot;&quot;,&quot;sizes&quot;:[]}}\" data-widget_type=\"image-carousel.default\">\n\t\t\t\t<div class=\"elementor-widget-container\">\n\t\t\t\t\t\t\t<div class=\"elementor-image-carousel-wrapper swiper\" role=\"region\" aria-roledescription=\"carousel\" aria-label=\"Bild Karussell\" dir=\"ltr\">\n\t\t\t<div class=\"elementor-image-carousel swiper-wrapper\" aria-live=\"off\">\n\t\t\t\t\t\t\t\t<div class=\"swiper-slide\" role=\"group\" aria-roledescription=\"slide\" aria-label=\"1 sur 2\" data-no-translation-aria-label=\"\"><figure class=\"swiper-slide-inner\"><img decoding=\"async\" class=\"swiper-slide-image\" src=\"https:\/\/faf-fr.ch\/wp-content\/uploads\/2026\/01\/Bildschirmfoto-2026-01-11-um-10.19.16-1-291x300.png\" alt=\"Bildschirmfoto 2026-01-11 um 10.19.16\" \/><\/figure><\/div><div class=\"swiper-slide\" role=\"group\" aria-roledescription=\"slide\" aria-label=\"2 sur 2\" data-no-translation-aria-label=\"\"><figure class=\"swiper-slide-inner\"><img decoding=\"async\" class=\"swiper-slide-image\" src=\"https:\/\/faf-fr.ch\/wp-content\/uploads\/2026\/01\/Bildschirmfoto-2026-01-11-um-10.07.49-1-281x300.png\" alt=\"Bildschirmfoto 2026-01-11 um 10.07.49\" \/><\/figure><\/div>\t\t\t<\/div>\n\t\t\t\t\t\t\t\t\t\t\t\t<div class=\"elementor-swiper-button elementor-swiper-button-prev\" role=\"button\" tabindex=\"0\">\n\t\t\t\t\t\t<i aria-hidden=\"true\" class=\"eicon-chevron-left\"><\/i>\t\t\t\t\t<\/div>\n\t\t\t\t\t<div class=\"elementor-swiper-button elementor-swiper-button-next\" role=\"button\" tabindex=\"0\">\n\t\t\t\t\t\t<i aria-hidden=\"true\" class=\"eicon-chevron-right\"><\/i>\t\t\t\t\t<\/div>\n\t\t\t\t\n\t\t\t\t\t\t\t\t\t<div class=\"swiper-pagination\"><\/div>\n\t\t\t\t\t\t\t\t\t<\/div>\n\t\t\t\t\t\t<\/div>\n\t\t\t\t<\/div>\n\t\t\t\t\t<\/div>\n\t\t<\/div>\n\t\t\t\t\t<\/div>\n\t\t<\/section>\n\t\t\t\t<section class=\"elementor-section elementor-top-section elementor-element elementor-element-1695890 elementor-section-boxed elementor-section-height-default elementor-section-height-default\" data-id=\"1695890\" data-element_type=\"section\" data-e-type=\"section\">\n\t\t\t\t\t\t<div class=\"elementor-container elementor-column-gap-default\">\n\t\t\t\t\t<div class=\"elementor-column elementor-col-100 elementor-top-column elementor-element elementor-element-4f43239\" data-id=\"4f43239\" data-element_type=\"column\" data-e-type=\"column\">\n\t\t\t<div class=\"elementor-widget-wrap elementor-element-populated\">\n\t\t\t\t\t\t<div class=\"elementor-element elementor-element-896caa8 elementor-widget elementor-widget-text-editor\" data-id=\"896caa8\" data-element_type=\"widget\" data-e-type=\"widget\" data-widget_type=\"text-editor.default\">\n\t\t\t\t<div class=\"elementor-widget-container\">\n\t\t\t\t\t\t\t\t\t<p>\u00a0<b>Cher\u00b7e Care Leaver, n'h\u00e9site pas \u00e0 nous \u00e9crire via le formulaire de contact ou \u00e0 l'adresse info@faf-fr.ch ; nous nous r\u00e9jouissons de chaque nouveau contact.<\/b><\/p>\t\t\t\t\t\t\t\t<\/div>\n\t\t\t\t<\/div>\n\t\t\t\t\t<\/div>\n\t\t<\/div>\n\t\t\t\t\t<\/div>\n\t\t<\/section>\n\t\t\t\t<section class=\"elementor-section elementor-top-section elementor-element elementor-element-322f120 elementor-section-boxed elementor-section-height-default elementor-section-height-default\" data-id=\"322f120\" data-element_type=\"section\" data-e-type=\"section\">\n\t\t\t\t\t\t<div class=\"elementor-container elementor-column-gap-default\">\n\t\t\t\t\t<div class=\"elementor-column elementor-col-100 elementor-top-column elementor-element elementor-element-7b5d3b0\" data-id=\"7b5d3b0\" data-element_type=\"column\" data-e-type=\"column\">\n\t\t\t<div class=\"elementor-widget-wrap elementor-element-populated\">\n\t\t\t\t\t\t<div class=\"elementor-element elementor-element-297f854 elementor-widget-divider--view-line elementor-widget elementor-widget-divider\" data-id=\"297f854\" data-element_type=\"widget\" data-e-type=\"widget\" data-widget_type=\"divider.default\">\n\t\t\t\t<div class=\"elementor-widget-container\">\n\t\t\t\t\t\t\t<div class=\"elementor-divider\">\n\t\t\t<span class=\"elementor-divider-separator\">\n\t\t\t\t\t\t<\/span>\n\t\t<\/div>\n\t\t\t\t\t\t<\/div>\n\t\t\t\t<\/div>\n\t\t\t\t\t<\/div>\n\t\t<\/div>\n\t\t\t\t\t<\/div>\n\t\t<\/section>\n\t\t\t\t<section class=\"elementor-section elementor-top-section elementor-element elementor-element-c8831b8 elementor-section-boxed elementor-section-height-default elementor-section-height-default\" data-id=\"c8831b8\" data-element_type=\"section\" data-e-type=\"section\">\n\t\t\t\t\t\t<div class=\"elementor-container elementor-column-gap-default\">\n\t\t\t\t\t<div class=\"elementor-column elementor-col-100 elementor-top-column elementor-element elementor-element-28f3edd\" data-id=\"28f3edd\" data-element_type=\"column\" data-e-type=\"column\">\n\t\t\t<div class=\"elementor-widget-wrap elementor-element-populated\">\n\t\t\t\t\t\t<div class=\"elementor-element elementor-element-ae18b76 elementor-widget elementor-widget-text-editor\" data-id=\"ae18b76\" data-element_type=\"widget\" data-e-type=\"widget\" data-widget_type=\"text-editor.default\">\n\t\t\t\t<div class=\"elementor-widget-container\">\n\t\t\t\t\t\t\t\t\t<h3 style=\"caret-color: #000000; color: #000000; text-align: start;\"><b>Travail Care Leaver&nbsp;<\/b><\/h3>\n<p style=\"caret-color: #000000; color: #000000; text-align: start;\" class=\"translation-block\">Notre <b>travail Care Leaver<\/b> a officiellement commenc\u00e9. L'objectif est de mettre en r\u00e9seau les Care Leaver dans le canton de Fribourg, de leur offrir un espace d'\u00e9change et de renforcer ensemble les structures afin que leurs pr\u00e9occupations soient prises en compte et que le syst\u00e8me puisse \u00eatre am\u00e9lior\u00e9 \u00e0 long terme.<\/p>\n<p style=\"caret-color: #000000; color: #000000; text-align: start;\" class=\"translation-block\">Dans ce cadre, nous planifions deux rencontres cantonales en 2026 :<\/p>\n<ul style=\"caret-color: #000000; color: #000000; text-align: start;\">\n<li><b>Samedi 25 avril (d\u00e8s 16h)<\/b><b><\/b><\/li>\n<li class=\"translation-block\"><b><b style=\"font-family: var( --e-global-typography-text-font-family ), Sans-serif\">Samedi<\/b>, 31 octobre <\/b><b style=\"font-family: var( --e-global-typography-text-font-family ), Sans-serif\">(d\u00e8s 16h)<\/b><\/li>\n<\/ul>\n<p style=\"caret-color: #000000; color: #000000; text-align: start;\" class=\"translation-block\">Ce serait g\u00e9nial si le plus grand nombre possible de Care Leaver participaient afin que nous puissions mettre en commun nos exp\u00e9riences, rendre visibles nos besoins et faire bouger les choses au niveau cantonal.<\/b><\/p>\n<hr style=\"text-align: start;\">\n<h3 style=\"caret-color: #000000; color: #000000; text-align: start;\"><b>Care Leaver \u2013 qui nous sommes et quels sont les d\u00e9fis auxquels nous sommes confront\u00e9s<\/b><\/h3>\n<p style=\"caret-color: #000000; color: #000000; text-align: start;\" class=\"translation-block\">Le terme \u00ab <b>Care Leaver<\/b> \u00bb d\u00e9signe les adultes qui ont pass\u00e9 une partie de leur enfance ou de leur adolescence non pas dans leur famille d'origine, mais dans une famille d'accueil ou dans un centre d'aide \u00e0 la jeunesse. \u00c0 leur majorit\u00e9, contrairement \u00e0 beaucoup de leurs pairs, ils doivent souvent voler de leurs propres ailes tr\u00e8s t\u00f4t.<\/p>\n<p style=\"caret-color: #000000; color: #000000; text-align: start;\">Alors que d'autres jeunes adultes peuvent souvent compter longtemps sur le soutien de leurs parents \u2013 financier, \u00e9motionnel ou pratique \u2013, les jeunes sortant de l'aide sociale disposent souvent d'un filet de s\u00e9curit\u00e9 nettement moins solide. Il en r\u00e9sulte des d\u00e9fis particuliers :<\/p>\n<ul style=\"caret-color: #000000; color: #000000; text-align: start;\">\n<li class=\"translation-block\"><b>Transition anticip\u00e9e vers l'ind\u00e9pendance :<\/b> il faut s'occuper tr\u00e8s t\u00f4t de trouver un logement, un emploi et un revenu.<\/li>\n<li class=\"translation-block\"><b>Absence de r\u00e9seau familial :<\/b> les questions quotidiennes, les crises ou les transitions sont plus difficiles \u00e0 g\u00e9rer lorsqu'il n'existe pas d'environnement familial stable.<\/li>\n<li class=\"translation-block\"><b>Difficult\u00e9s financi\u00e8res :<\/b> sans le soutien de leurs parents, les Care Leaver se retrouvent plus rapidement dans des situations pr\u00e9caires.<\/li>\n<li class=\"translation-block\"><b>Les contraintes psychosociales :<\/b> beaucoup ont v\u00e9cu des exp\u00e9riences traumatisantes et doivent les surmonter tout en faisant face aux exigences li\u00e9es au passage \u00e0 l'\u00e2ge adulte.<\/li>\n<\/ul>\n<hr style=\"text-align: start;\">\n<h3 style=\"caret-color: #000000; color: #000000; text-align: start;\"><b>Notre offre pour les Care Leaver :&nbsp;<\/b><\/h3>\n<h3 style=\"caret-color: #000000; color: #000000; text-align: start;\"><b>Mettre en r\u00e9seau \u2013 \u00c9changer \u2013 Questionner \u2013 Participer<\/b><\/h3>\n<p style=\"caret-color: #000000; color: #000000; text-align: start;\" class=\"translation-block\">L'association <b>FAF \u2013 Pflegefamilien Freiburg<\/b> (FAF \u2013 Familles d'accueil Fribourg) souhaite accompagner les jeunes issus de familles d'accueil qui quittent le syst\u00e8me. Notre offre s'adresse aux adultes \u00e2g\u00e9s de 18 ans et plus. Nous voulons :<\/p>\n<ul style=\"caret-color: #000000; color: #000000; text-align: start;\">\n<li class=\"translation-block\"><b>Mettre en r\u00e9seau :<\/b> faciliter les rencontres, nouer des contacts et cr\u00e9er des relations.<\/li>\n<li class=\"translation-block\"><b>Questionner et discuter ensemble :<\/b> impliquer activement les Care Leaver, prendre leurs points de vue au s\u00e9rieux et d\u00e9velopper ensemble des solutions.<\/li>\n<li><b>Mitdenken &amp; Mitreden:<\/b>&nbsp;Care Leaver aktiv einbeziehen, ihre Perspektiven ernst nehmen und gemeinsam L\u00f6sungen entwickeln.<\/li>\n<li class=\"translation-block\"><b>Visibilit\u00e9 et repr\u00e9sentation des int\u00e9r\u00eats :<\/b> nous nous engageons \u00e0 faire entendre la voix des Care Leaver aupr\u00e8s des services sp\u00e9cialis\u00e9s, des autorit\u00e9s et des responsables politiques.<\/li>\n<\/ul>\n<p style=\"caret-color: #000000; color: #000000; text-align: start;\" class=\"translation-block\">De plus, nous sommes <b>en collaboration avec Careleaver Suisse et le centre de comp\u00e9tences Leaving Care<\/b> afin de mettre en commun nos exp\u00e9riences et d'exploiter les synergies.<\/p>\n<hr style=\"text-align: start;\">\n<h3 style=\"caret-color: #000000; color: #000000; text-align: start;\"><b>Nous avons besoin de toi<\/b><\/h3>\n<p style=\"caret-color: #000000; color: #000000; text-align: start;\" class=\"translation-block\">Tous les anciens enfants plac\u00e9s \u00e2g\u00e9s de 18 ans et plus sont cordialement invit\u00e9s \u00e0 rejoindre ce r\u00e9seau et \u00e0 participer aux rencontres pr\u00e9vues. <b>Ce n'est qu'ensemble que nous pourrons faire bouger les choses dans le canton de Fribourg. Contacte-nous !<\/b><b><\/b><\/p>\t\t\t\t\t\t\t\t<\/div>\n\t\t\t\t<\/div>\n\t\t\t\t\t<\/div>\n\t\t<\/div>\n\t\t\t\t\t<\/div>\n\t\t<\/section>\n\t\t\t\t<\/div>","protected":false},"excerpt":{"rendered":"<p>Unsere Care Leaver &#8211; Arbeit \u00a0Liebe\u00b7r Care Leaver\u00b7in, schreib uns unbedingt \u00fcber das Kontaktformular oder info@faf-fr.ch ; wir freuen uns sehr \u00fcber jeden neuen Kontakt.&hellip;<\/p>","protected":false},"author":1,"featured_media":0,"parent":0,"menu_order":0,"comment_status":"closed","ping_status":"closed","template":"","meta":{"footnotes":""},"class_list":["post-29286","page","type-page","status-publish","hentry"],"yoast_head":"<!-- This site is optimized with the Yoast SEO plugin v24.9 - https:\/\/yoast.com\/wordpress\/plugins\/seo\/ -->\n<title>Careleaver - FAF<\/title>\n<meta name=\"robots\" content=\"index, follow, max-snippet:-1, max-image-preview:large, max-video-preview:-1\" \/>\n<link rel=\"canonical\" href=\"https:\/\/faf-fr.ch\/fr\/careleaver\/\" \/>\n<meta property=\"og:locale\" content=\"fr_FR\" \/>\n<meta property=\"og:type\" content=\"article\" \/>\n<meta property=\"og:title\" content=\"Careleaver - FAF\" \/>\n<meta property=\"og:description\" content=\"Unsere Care Leaver &#8211; Arbeit \u00a0Liebe\u00b7r Care Leaver\u00b7in, schreib uns unbedingt \u00fcber das Kontaktformular oder info@faf-fr.ch ; wir freuen uns sehr \u00fcber jeden neuen Kontakt.&hellip;\" \/>\n<meta property=\"og:url\" content=\"https:\/\/faf-fr.ch\/fr\/careleaver\/\" \/>\n<meta property=\"og:site_name\" content=\"FAF\" \/>\n<meta property=\"article:modified_time\" content=\"2026-01-11T10:23:10+00:00\" \/>\n<meta property=\"og:image\" content=\"https:\/\/faf-fr.ch\/wp-content\/uploads\/2025\/04\/Bildschirmfoto-2025-04-19-um-22.38.04.png\" \/>\n\t<meta property=\"og:image:width\" content=\"252\" \/>\n\t<meta property=\"og:image:height\" content=\"306\" \/>\n\t<meta property=\"og:image:type\" content=\"image\/png\" \/>\n<meta name=\"twitter:card\" content=\"summary_large_image\" \/>\n<meta name=\"twitter:label1\" content=\"Dur\u00e9e de lecture estim\u00e9e\" \/>\n\t<meta name=\"twitter:data1\" content=\"1 minute\" \/>\n<script type=\"application\/ld+json\" class=\"yoast-schema-graph\">{\"@context\":\"https:\/\/schema.org\",\"@graph\":[{\"@type\":\"WebPage\",\"@id\":\"https:\/\/faf-fr.ch\/careleaver\/\",\"url\":\"https:\/\/faf-fr.ch\/careleaver\/\",\"name\":\"Careleaver - FAF\",\"isPartOf\":{\"@id\":\"https:\/\/faf-fr.ch\/#website\"},\"primaryImageOfPage\":{\"@id\":\"https:\/\/faf-fr.ch\/careleaver\/#primaryimage\"},\"image\":{\"@id\":\"https:\/\/faf-fr.ch\/careleaver\/#primaryimage\"},\"thumbnailUrl\":\"https:\/\/faf-fr.ch\/wp-content\/uploads\/2025\/04\/Bildschirmfoto-2025-04-19-um-22.38.04.png\",\"datePublished\":\"2025-04-19T20:38:10+00:00\",\"dateModified\":\"2026-01-11T10:23:10+00:00\",\"breadcrumb\":{\"@id\":\"https:\/\/faf-fr.ch\/careleaver\/#breadcrumb\"},\"inLanguage\":\"fr-FR\",\"potentialAction\":[{\"@type\":\"ReadAction\",\"target\":[\"https:\/\/faf-fr.ch\/careleaver\/\"]}]},{\"@type\":\"ImageObject\",\"inLanguage\":\"fr-FR\",\"@id\":\"https:\/\/faf-fr.ch\/careleaver\/#primaryimage\",\"url\":\"https:\/\/faf-fr.ch\/wp-content\/uploads\/2025\/04\/Bildschirmfoto-2025-04-19-um-22.38.04.png\",\"contentUrl\":\"https:\/\/faf-fr.ch\/wp-content\/uploads\/2025\/04\/Bildschirmfoto-2025-04-19-um-22.38.04.png\"},{\"@type\":\"BreadcrumbList\",\"@id\":\"https:\/\/faf-fr.ch\/careleaver\/#breadcrumb\",\"itemListElement\":[{\"@type\":\"ListItem\",\"position\":1,\"name\":\"Startseite\",\"item\":\"https:\/\/faf-fr.ch\/\"},{\"@type\":\"ListItem\",\"position\":2,\"name\":\"Careleaver\"}]},{\"@type\":\"WebSite\",\"@id\":\"https:\/\/faf-fr.ch\/#website\",\"url\":\"https:\/\/faf-fr.ch\/\",\"name\":\"FAF\",\"description\":\"Familles d&#039;accueil Fribourgeoises | Pflegefamilien Freiburg\",\"alternateName\":\"Famille d'accueil\",\"potentialAction\":[{\"@type\":\"SearchAction\",\"target\":{\"@type\":\"EntryPoint\",\"urlTemplate\":\"https:\/\/faf-fr.ch\/?s={search_term_string}\"},\"query-input\":{\"@type\":\"PropertyValueSpecification\",\"valueRequired\":true,\"valueName\":\"search_term_string\"}}],\"inLanguage\":\"fr-FR\"}]}<\/script>\n<!-- \/ Yoast SEO plugin. -->","yoast_head_json":{"title":"Careleaver - FAF","robots":{"index":"index","follow":"follow","max-snippet":"max-snippet:-1","max-image-preview":"max-image-preview:large","max-video-preview":"max-video-preview:-1"},"canonical":"https:\/\/faf-fr.ch\/fr\/careleaver\/","og_locale":"fr_FR","og_type":"article","og_title":"Careleaver - FAF","og_description":"Unsere Care Leaver &#8211; Arbeit \u00a0Liebe\u00b7r Care Leaver\u00b7in, schreib uns unbedingt \u00fcber das Kontaktformular oder info@faf-fr.ch ; wir freuen uns sehr \u00fcber jeden neuen Kontakt.&hellip;","og_url":"https:\/\/faf-fr.ch\/fr\/careleaver\/","og_site_name":"FAF","article_modified_time":"2026-01-11T10:23:10+00:00","og_image":[{"width":252,"height":306,"url":"https:\/\/faf-fr.ch\/wp-content\/uploads\/2025\/04\/Bildschirmfoto-2025-04-19-um-22.38.04.png","type":"image\/png"}],"twitter_card":"summary_large_image","twitter_misc":{"Dur\u00e9e de lecture estim\u00e9e":"1 minute"},"schema":{"@context":"https:\/\/schema.org","@graph":[{"@type":"WebPage","@id":"https:\/\/faf-fr.ch\/careleaver\/","url":"https:\/\/faf-fr.ch\/careleaver\/","name":"Careleaver - FAF","isPartOf":{"@id":"https:\/\/faf-fr.ch\/#website"},"primaryImageOfPage":{"@id":"https:\/\/faf-fr.ch\/careleaver\/#primaryimage"},"image":{"@id":"https:\/\/faf-fr.ch\/careleaver\/#primaryimage"},"thumbnailUrl":"https:\/\/faf-fr.ch\/wp-content\/uploads\/2025\/04\/Bildschirmfoto-2025-04-19-um-22.38.04.png","datePublished":"2025-04-19T20:38:10+00:00","dateModified":"2026-01-11T10:23:10+00:00","breadcrumb":{"@id":"https:\/\/faf-fr.ch\/careleaver\/#breadcrumb"},"inLanguage":"fr-FR","potentialAction":[{"@type":"ReadAction","target":["https:\/\/faf-fr.ch\/careleaver\/"]}]},{"@type":"ImageObject","inLanguage":"fr-FR","@id":"https:\/\/faf-fr.ch\/careleaver\/#primaryimage","url":"https:\/\/faf-fr.ch\/wp-content\/uploads\/2025\/04\/Bildschirmfoto-2025-04-19-um-22.38.04.png","contentUrl":"https:\/\/faf-fr.ch\/wp-content\/uploads\/2025\/04\/Bildschirmfoto-2025-04-19-um-22.38.04.png"},{"@type":"BreadcrumbList","@id":"https:\/\/faf-fr.ch\/careleaver\/#breadcrumb","itemListElement":[{"@type":"ListItem","position":1,"name":"Startseite","item":"https:\/\/faf-fr.ch\/"},{"@type":"ListItem","position":2,"name":"Careleaver"}]},{"@type":"WebSite","@id":"https:\/\/faf-fr.ch\/#website","url":"https:\/\/faf-fr.ch\/","name":"FAF","description":"Familles d&#039;accueil Fribourgeoises | Pflegefamilien Freiburg","alternateName":"Famille d'accueil","potentialAction":[{"@type":"SearchAction","target":{"@type":"EntryPoint","urlTemplate":"https:\/\/faf-fr.ch\/?s={search_term_string}"},"query-input":{"@type":"PropertyValueSpecification","valueRequired":true,"valueName":"search_term_string"}}],"inLanguage":"fr-FR"}]}},"_links":{"self":[{"href":"https:\/\/faf-fr.ch\/fr\/wp-json\/wp\/v2\/pages\/29286","targetHints":{"allow":["GET"]}}],"collection":[{"href":"https:\/\/faf-fr.ch\/fr\/wp-json\/wp\/v2\/pages"}],"about":[{"href":"https:\/\/faf-fr.ch\/fr\/wp-json\/wp\/v2\/types\/page"}],"author":[{"embeddable":true,"href":"https:\/\/faf-fr.ch\/fr\/wp-json\/wp\/v2\/users\/1"}],"replies":[{"embeddable":true,"href":"https:\/\/faf-fr.ch\/fr\/wp-json\/wp\/v2\/comments?post=29286"}],"version-history":[{"count":34,"href":"https:\/\/faf-fr.ch\/fr\/wp-json\/wp\/v2\/pages\/29286\/revisions"}],"predecessor-version":[{"id":29441,"href":"https:\/\/faf-fr.ch\/fr\/wp-json\/wp\/v2\/pages\/29286\/revisions\/29441"}],"wp:attachment":[{"href":"https:\/\/faf-fr.ch\/fr\/wp-json\/wp\/v2\/media?parent=29286"}],"curies":[{"name":"wp","href":"https:\/\/api.w.org\/{rel}","templated":true}]}}