{"id":29286,"date":"2025-04-19T22:38:10","date_gmt":"2025-04-19T20:38:10","guid":{"rendered":"https:\/\/faf-fr.ch\/?page_id=29286"},"modified":"2026-01-11T11:23:10","modified_gmt":"2026-01-11T10:23:10","slug":"careleaver","status":"publish","type":"page","link":"https:\/\/faf-fr.ch\/de\/careleaver\/","title":{"rendered":"Careleaver"},"content":{"rendered":"\t\t<div data-elementor-type=\"wp-page\" data-elementor-id=\"29286\" class=\"elementor elementor-29286\">\n\t\t\t\t\t\t<section class=\"elementor-section elementor-top-section elementor-element elementor-element-f14574a elementor-section-boxed elementor-section-height-default elementor-section-height-default\" data-id=\"f14574a\" data-element_type=\"section\" data-e-type=\"section\">\n\t\t\t\t\t\t<div class=\"elementor-container elementor-column-gap-default\">\n\t\t\t\t\t<div class=\"elementor-column elementor-col-100 elementor-top-column elementor-element elementor-element-0b691b6\" data-id=\"0b691b6\" data-element_type=\"column\" data-e-type=\"column\">\n\t\t\t<div class=\"elementor-widget-wrap elementor-element-populated\">\n\t\t\t\t\t\t<div class=\"elementor-element elementor-element-58b6315 elementor-widget elementor-widget-image\" data-id=\"58b6315\" data-element_type=\"widget\" data-e-type=\"widget\" data-widget_type=\"image.default\">\n\t\t\t\t<div class=\"elementor-widget-container\">\n\t\t\t\t\t\t\t\t\t\t\t\t\t\t\t<img fetchpriority=\"high\" decoding=\"async\" width=\"252\" height=\"306\" src=\"https:\/\/faf-fr.ch\/wp-content\/uploads\/2025\/04\/Bildschirmfoto-2025-04-19-um-22.38.04.png\" class=\"attachment-large size-large wp-image-29289\" alt=\"\" srcset=\"https:\/\/faf-fr.ch\/wp-content\/uploads\/2025\/04\/Bildschirmfoto-2025-04-19-um-22.38.04.png 252w, https:\/\/faf-fr.ch\/wp-content\/uploads\/2025\/04\/Bildschirmfoto-2025-04-19-um-22.38.04-247x300.png 247w, https:\/\/faf-fr.ch\/wp-content\/uploads\/2025\/04\/Bildschirmfoto-2025-04-19-um-22.38.04-10x12.png 10w\" sizes=\"(max-width: 252px) 100vw, 252px\" \/>\t\t\t\t\t\t\t\t\t\t\t\t\t\t\t<\/div>\n\t\t\t\t<\/div>\n\t\t\t\t\t<\/div>\n\t\t<\/div>\n\t\t\t\t\t<\/div>\n\t\t<\/section>\n\t\t\t\t<section class=\"elementor-section elementor-top-section elementor-element elementor-element-8e68d0e elementor-section-boxed elementor-section-height-default elementor-section-height-default\" data-id=\"8e68d0e\" data-element_type=\"section\" data-e-type=\"section\">\n\t\t\t\t\t\t<div class=\"elementor-container elementor-column-gap-default\">\n\t\t\t\t\t<div class=\"elementor-column elementor-col-100 elementor-top-column elementor-element elementor-element-bf3b6f5\" data-id=\"bf3b6f5\" data-element_type=\"column\" data-e-type=\"column\">\n\t\t\t<div class=\"elementor-widget-wrap elementor-element-populated\">\n\t\t\t\t\t\t<div class=\"elementor-element elementor-element-7cdcdc8 elementor-widget elementor-widget-heading\" data-id=\"7cdcdc8\" data-element_type=\"widget\" data-e-type=\"widget\" data-widget_type=\"heading.default\">\n\t\t\t\t<div class=\"elementor-widget-container\">\n\t\t\t\t\t<h2 class=\"elementor-heading-title elementor-size-default\">Unsere Care Leaver - Arbeit<\/h2>\t\t\t\t<\/div>\n\t\t\t\t<\/div>\n\t\t\t\t\t<\/div>\n\t\t<\/div>\n\t\t\t\t\t<\/div>\n\t\t<\/section>\n\t\t\t\t<section class=\"elementor-section elementor-top-section elementor-element elementor-element-4c4fefa elementor-section-boxed elementor-section-height-default elementor-section-height-default\" data-id=\"4c4fefa\" data-element_type=\"section\" data-e-type=\"section\">\n\t\t\t\t\t\t<div class=\"elementor-container elementor-column-gap-default\">\n\t\t\t\t\t<div class=\"elementor-column elementor-col-100 elementor-top-column elementor-element elementor-element-5fa06a2\" data-id=\"5fa06a2\" data-element_type=\"column\" data-e-type=\"column\">\n\t\t\t<div class=\"elementor-widget-wrap elementor-element-populated\">\n\t\t\t\t\t\t<div class=\"elementor-element elementor-element-a1b060a elementor-widget-divider--view-line elementor-widget elementor-widget-divider\" data-id=\"a1b060a\" data-element_type=\"widget\" data-e-type=\"widget\" data-widget_type=\"divider.default\">\n\t\t\t\t<div class=\"elementor-widget-container\">\n\t\t\t\t\t\t\t<div class=\"elementor-divider\">\n\t\t\t<span class=\"elementor-divider-separator\">\n\t\t\t\t\t\t<\/span>\n\t\t<\/div>\n\t\t\t\t\t\t<\/div>\n\t\t\t\t<\/div>\n\t\t\t\t\t<\/div>\n\t\t<\/div>\n\t\t\t\t\t<\/div>\n\t\t<\/section>\n\t\t\t\t<section class=\"elementor-section elementor-top-section elementor-element elementor-element-c60790f elementor-section-boxed elementor-section-height-default elementor-section-height-default\" data-id=\"c60790f\" data-element_type=\"section\" data-e-type=\"section\">\n\t\t\t\t\t\t<div class=\"elementor-container elementor-column-gap-default\">\n\t\t\t\t\t<div class=\"elementor-column elementor-col-100 elementor-top-column elementor-element elementor-element-322743c\" data-id=\"322743c\" data-element_type=\"column\" data-e-type=\"column\">\n\t\t\t<div class=\"elementor-widget-wrap elementor-element-populated\">\n\t\t\t\t\t\t<div class=\"elementor-element elementor-element-9ae30a6 elementor-arrows-position-inside elementor-pagination-position-outside elementor-widget elementor-widget-image-carousel\" data-id=\"9ae30a6\" data-element_type=\"widget\" data-e-type=\"widget\" data-settings=\"{&quot;slides_to_show&quot;:&quot;2&quot;,&quot;image_spacing_custom&quot;:{&quot;unit&quot;:&quot;px&quot;,&quot;size&quot;:0,&quot;sizes&quot;:[]},&quot;navigation&quot;:&quot;both&quot;,&quot;autoplay&quot;:&quot;yes&quot;,&quot;pause_on_hover&quot;:&quot;yes&quot;,&quot;pause_on_interaction&quot;:&quot;yes&quot;,&quot;autoplay_speed&quot;:5000,&quot;speed&quot;:500,&quot;image_spacing_custom_tablet&quot;:{&quot;unit&quot;:&quot;px&quot;,&quot;size&quot;:&quot;&quot;,&quot;sizes&quot;:[]},&quot;image_spacing_custom_mobile&quot;:{&quot;unit&quot;:&quot;px&quot;,&quot;size&quot;:&quot;&quot;,&quot;sizes&quot;:[]}}\" data-widget_type=\"image-carousel.default\">\n\t\t\t\t<div class=\"elementor-widget-container\">\n\t\t\t\t\t\t\t<div class=\"elementor-image-carousel-wrapper swiper\" role=\"region\" aria-roledescription=\"carousel\" aria-label=\"Bild Karussell\" dir=\"ltr\">\n\t\t\t<div class=\"elementor-image-carousel swiper-wrapper\" aria-live=\"off\">\n\t\t\t\t\t\t\t\t<div class=\"swiper-slide\" role=\"group\" aria-roledescription=\"slide\" aria-label=\"1 sur 2\"><figure class=\"swiper-slide-inner\"><img decoding=\"async\" class=\"swiper-slide-image\" src=\"https:\/\/faf-fr.ch\/wp-content\/uploads\/2026\/01\/Bildschirmfoto-2026-01-11-um-10.19.16-1-291x300.png\" alt=\"Bildschirmfoto 2026-01-11 um 10.19.16\" \/><\/figure><\/div><div class=\"swiper-slide\" role=\"group\" aria-roledescription=\"slide\" aria-label=\"2 sur 2\"><figure class=\"swiper-slide-inner\"><img decoding=\"async\" class=\"swiper-slide-image\" src=\"https:\/\/faf-fr.ch\/wp-content\/uploads\/2026\/01\/Bildschirmfoto-2026-01-11-um-10.07.49-1-281x300.png\" alt=\"Bildschirmfoto 2026-01-11 um 10.07.49\" \/><\/figure><\/div>\t\t\t<\/div>\n\t\t\t\t\t\t\t\t\t\t\t\t<div class=\"elementor-swiper-button elementor-swiper-button-prev\" role=\"button\" tabindex=\"0\">\n\t\t\t\t\t\t<i aria-hidden=\"true\" class=\"eicon-chevron-left\"><\/i>\t\t\t\t\t<\/div>\n\t\t\t\t\t<div class=\"elementor-swiper-button elementor-swiper-button-next\" role=\"button\" tabindex=\"0\">\n\t\t\t\t\t\t<i aria-hidden=\"true\" class=\"eicon-chevron-right\"><\/i>\t\t\t\t\t<\/div>\n\t\t\t\t\n\t\t\t\t\t\t\t\t\t<div class=\"swiper-pagination\"><\/div>\n\t\t\t\t\t\t\t\t\t<\/div>\n\t\t\t\t\t\t<\/div>\n\t\t\t\t<\/div>\n\t\t\t\t\t<\/div>\n\t\t<\/div>\n\t\t\t\t\t<\/div>\n\t\t<\/section>\n\t\t\t\t<section class=\"elementor-section elementor-top-section elementor-element elementor-element-1695890 elementor-section-boxed elementor-section-height-default elementor-section-height-default\" data-id=\"1695890\" data-element_type=\"section\" data-e-type=\"section\">\n\t\t\t\t\t\t<div class=\"elementor-container elementor-column-gap-default\">\n\t\t\t\t\t<div class=\"elementor-column elementor-col-100 elementor-top-column elementor-element elementor-element-4f43239\" data-id=\"4f43239\" data-element_type=\"column\" data-e-type=\"column\">\n\t\t\t<div class=\"elementor-widget-wrap elementor-element-populated\">\n\t\t\t\t\t\t<div class=\"elementor-element elementor-element-896caa8 elementor-widget elementor-widget-text-editor\" data-id=\"896caa8\" data-element_type=\"widget\" data-e-type=\"widget\" data-widget_type=\"text-editor.default\">\n\t\t\t\t<div class=\"elementor-widget-container\">\n\t\t\t\t\t\t\t\t\t<p>\u00a0<b>Liebe\u00b7r Care Leaver\u00b7in, schreib uns unbedingt \u00fcber das Kontaktformular oder info@faf-fr.ch ; wir freuen uns sehr \u00fcber jeden neuen Kontakt.<\/b><\/p>\t\t\t\t\t\t\t\t<\/div>\n\t\t\t\t<\/div>\n\t\t\t\t\t<\/div>\n\t\t<\/div>\n\t\t\t\t\t<\/div>\n\t\t<\/section>\n\t\t\t\t<section class=\"elementor-section elementor-top-section elementor-element elementor-element-322f120 elementor-section-boxed elementor-section-height-default elementor-section-height-default\" data-id=\"322f120\" data-element_type=\"section\" data-e-type=\"section\">\n\t\t\t\t\t\t<div class=\"elementor-container elementor-column-gap-default\">\n\t\t\t\t\t<div class=\"elementor-column elementor-col-100 elementor-top-column elementor-element elementor-element-7b5d3b0\" data-id=\"7b5d3b0\" data-element_type=\"column\" data-e-type=\"column\">\n\t\t\t<div class=\"elementor-widget-wrap elementor-element-populated\">\n\t\t\t\t\t\t<div class=\"elementor-element elementor-element-297f854 elementor-widget-divider--view-line elementor-widget elementor-widget-divider\" data-id=\"297f854\" data-element_type=\"widget\" data-e-type=\"widget\" data-widget_type=\"divider.default\">\n\t\t\t\t<div class=\"elementor-widget-container\">\n\t\t\t\t\t\t\t<div class=\"elementor-divider\">\n\t\t\t<span class=\"elementor-divider-separator\">\n\t\t\t\t\t\t<\/span>\n\t\t<\/div>\n\t\t\t\t\t\t<\/div>\n\t\t\t\t<\/div>\n\t\t\t\t\t<\/div>\n\t\t<\/div>\n\t\t\t\t\t<\/div>\n\t\t<\/section>\n\t\t\t\t<section class=\"elementor-section elementor-top-section elementor-element elementor-element-c8831b8 elementor-section-boxed elementor-section-height-default elementor-section-height-default\" data-id=\"c8831b8\" data-element_type=\"section\" data-e-type=\"section\">\n\t\t\t\t\t\t<div class=\"elementor-container elementor-column-gap-default\">\n\t\t\t\t\t<div class=\"elementor-column elementor-col-100 elementor-top-column elementor-element elementor-element-28f3edd\" data-id=\"28f3edd\" data-element_type=\"column\" data-e-type=\"column\">\n\t\t\t<div class=\"elementor-widget-wrap elementor-element-populated\">\n\t\t\t\t\t\t<div class=\"elementor-element elementor-element-ae18b76 elementor-widget elementor-widget-text-editor\" data-id=\"ae18b76\" data-element_type=\"widget\" data-e-type=\"widget\" data-widget_type=\"text-editor.default\">\n\t\t\t\t<div class=\"elementor-widget-container\">\n\t\t\t\t\t\t\t\t\t<h3 style=\"caret-color: #000000; color: #000000; text-align: start;\"><b>Care-Leaver-Arbeit&nbsp;<\/b><\/h3>\n<p style=\"caret-color: #000000; color: #000000; text-align: start;\">Unsere&nbsp;<b>Care-Leaver-Arbeit ist offiziell gestartet<\/b>. Ziel ist es, Care Leaver im Kanton Freiburg miteinander zu vernetzen, ihnen Raum f\u00fcr Austausch zu geben und gemeinsam Strukturen zu st\u00e4rken, damit ihre Anliegen sichtbar werden und langfristig das System verbessert werden kann.<\/p>\n<p style=\"caret-color: #000000; color: #000000; text-align: start;\">In diesem Rahmen planen wir im 2026&nbsp;<b>zwei kantonale Treffen<\/b>:<\/p>\n<ul style=\"caret-color: #000000; color: #000000; text-align: start;\">\n<li><b>Samstag, 25. April (ab 16 Uhr)<\/b><b><\/b><\/li>\n<li><b><b style=\"font-family: var( --e-global-typography-text-font-family ), Sans-serif;\">Samstag<\/b>, 31. Oktober&nbsp;<\/b><b style=\"font-family: var( --e-global-typography-text-font-family ), Sans-serif;\">(ab 16 Uhr)<\/b><\/li>\n<\/ul>\n<p style=\"caret-color: #000000; color: #000000; text-align: start;\">Es w\u00e4re super, wenn&nbsp;<b>m\u00f6glichst viele Care Leaver teilnehmen<\/b>, damit wir gemeinsam Erfahrungen b\u00fcndeln, Bed\u00fcrfnisse sichtbar machen und auf kantonaler Ebene etwas bewegen k\u00f6nnen.<b><\/b><\/p>\n<hr style=\"text-align: start;\">\n<h3 style=\"caret-color: #000000; color: #000000; text-align: start;\"><b>Care Leaver \u2013 wer wir sind und welche Herausforderungen uns begegnen<\/b><\/h3>\n<p style=\"caret-color: #000000; color: #000000; text-align: start;\">Als&nbsp;<b>Care Leaver<\/b>&nbsp;bezeichnet man Erwachsene, die einen Teil ihrer Kindheit oder Jugend nicht bei ihren Herkunftsfamilien, sondern in einer Pflegefamilie oder in der station\u00e4ren Jugendhilfe verbracht haben. Mit dem Erreichen der Vollj\u00e4hrigkeit stehen sie \u2013 anders als viele Gleichaltrige \u2013 oft sehr fr\u00fch auf eigenen Beinen.<\/p>\n<p style=\"caret-color: #000000; color: #000000; text-align: start;\">W\u00e4hrend andere junge Erwachsene h\u00e4ufig noch lange auf die Unterst\u00fctzung ihrer Eltern z\u00e4hlen k\u00f6nnen \u2013 finanziell, emotional oder praktisch \u2013, verf\u00fcgen Care Leaver oft \u00fcber ein deutlich schw\u00e4cheres Auffangnetz. Daraus ergeben sich besondere Herausforderungen:<\/p>\n<ul style=\"caret-color: #000000; color: #000000; text-align: start;\">\n<li><b>Fr\u00fcher \u00dcbergang in die Selbstst\u00e4ndigkeit:<\/b>&nbsp;Wohnung, Arbeit und Einkommen m\u00fcssen fr\u00fch eigenst\u00e4ndig organisiert werden.<\/li>\n<li><b>Fehlendes famili\u00e4res Netzwerk:<\/b>&nbsp;Alltagsfragen, Krisen oder \u00dcberg\u00e4nge sind schwieriger zu bew\u00e4ltigen, wenn kein stabiles famili\u00e4res Umfeld vorhanden ist.<\/li>\n<li><b>Finanzielle Belastungen:<\/b>&nbsp;Ohne elterliche Unterst\u00fctzung geraten Care Leaver schneller in prek\u00e4re Lebenssituationen.<\/li>\n<li><b>Psychosoziale Belastungen:<\/b>&nbsp;Viele bringen belastende Erfahrungen mit und m\u00fcssen diese parallel zu den Anforderungen des Erwachsenwerdens bew\u00e4ltigen.<\/li>\n<\/ul>\n<hr style=\"text-align: start;\">\n<h3 style=\"caret-color: #000000; color: #000000; text-align: start;\"><b>Unser Care-Leaver-Angebot:&nbsp;<\/b><\/h3>\n<h3 style=\"caret-color: #000000; color: #000000; text-align: start;\"><b>Vernetzen \u2013 Austauschen \u2013 Mitdenken \u2013 Mitreden<\/b><\/h3>\n<p style=\"caret-color: #000000; color: #000000; text-align: start;\">Der Verein&nbsp;<b>FAF \u2013 Pflegefamilien Freiburg<\/b>&nbsp;m\u00f6chte Care Leaver von Pflegefamilien auf diesem Weg nicht alleine lassen. Unser Angebot richtet sich an Erwachsene ab 18 Jahren. Wir wollen:<\/p>\n<ul style=\"caret-color: #000000; color: #000000; text-align: start;\">\n<li><b>Vernetzen:<\/b>&nbsp;Begegnungen erm\u00f6glichen, Kontakte kn\u00fcpfen und tragf\u00e4hige Beziehungen aufbauen.<\/li>\n<li><b>Austauschen:<\/b>&nbsp;Raum f\u00fcr pers\u00f6nliche Erfahrungen, gegenseitige Unterst\u00fctzung und Lernen voneinander.<\/li>\n<li><b>Mitdenken &amp; Mitreden:<\/b>&nbsp;Care Leaver aktiv einbeziehen, ihre Perspektiven ernst nehmen und gemeinsam L\u00f6sungen entwickeln.<\/li>\n<li><b>Sichtbarkeit und Interessenvertretung:<\/b>&nbsp;Wir setzen uns daf\u00fcr ein, dass die Stimmen von Care Leavern gegen\u00fcber Fachstellen, Beh\u00f6rden und Politik geh\u00f6rt werden.<\/li>\n<\/ul>\n<p style=\"caret-color: #000000; color: #000000; text-align: start;\">Zudem sind wir&nbsp;<b>eng vernetzt mit Careleaver Schweiz sowie dem Kompetenzzentrum Leaving Care<\/b>, um Erfahrungen zu b\u00fcndeln und Synergien zu nutzen.<\/p>\n<hr style=\"text-align: start;\">\n<h3 style=\"caret-color: #000000; color: #000000; text-align: start;\"><b>Wir brauchen dich<\/b><\/h3>\n<p style=\"caret-color: #000000; color: #000000; text-align: start;\">Alle ehemaligen Pflegekinder ab 18 Jahren sind herzlich eingeladen, Teil dieses Netzwerks zu werden und an den geplanten Treffen teilzunehmen.&nbsp;<b>Nur gemeinsam k\u00f6nnen wir etwas im Kanton Freiburg bewegen. Kontaktiere uns!<\/b><b><\/b><\/p>\t\t\t\t\t\t\t\t<\/div>\n\t\t\t\t<\/div>\n\t\t\t\t\t<\/div>\n\t\t<\/div>\n\t\t\t\t\t<\/div>\n\t\t<\/section>\n\t\t\t\t<\/div>\n\t\t","protected":false},"excerpt":{"rendered":"<p>Unsere Care Leaver &#8211; Arbeit \u00a0Liebe\u00b7r Care Leaver\u00b7in, schreib uns unbedingt \u00fcber das Kontaktformular oder info@faf-fr.ch ; wir freuen uns sehr \u00fcber jeden neuen Kontakt.&hellip;<\/p>\n","protected":false},"author":1,"featured_media":0,"parent":0,"menu_order":0,"comment_status":"closed","ping_status":"closed","template":"","meta":{"footnotes":""},"class_list":["post-29286","page","type-page","status-publish","hentry"],"yoast_head":"<!-- This site is optimized with the Yoast SEO plugin v24.9 - https:\/\/yoast.com\/wordpress\/plugins\/seo\/ -->\n<title>Careleaver - FAF<\/title>\n<meta name=\"robots\" content=\"index, follow, max-snippet:-1, max-image-preview:large, max-video-preview:-1\" \/>\n<link rel=\"canonical\" href=\"https:\/\/faf-fr.ch\/de\/careleaver\/\" \/>\n<meta property=\"og:locale\" content=\"de_DE\" \/>\n<meta property=\"og:type\" content=\"article\" \/>\n<meta property=\"og:title\" content=\"Careleaver - FAF\" \/>\n<meta property=\"og:description\" content=\"Unsere Care Leaver &#8211; Arbeit \u00a0Liebe\u00b7r Care Leaver\u00b7in, schreib uns unbedingt \u00fcber das Kontaktformular oder info@faf-fr.ch ; wir freuen uns sehr \u00fcber jeden neuen Kontakt.&hellip;\" \/>\n<meta property=\"og:url\" content=\"https:\/\/faf-fr.ch\/de\/careleaver\/\" \/>\n<meta property=\"og:site_name\" content=\"FAF\" \/>\n<meta property=\"article:modified_time\" content=\"2026-01-11T10:23:10+00:00\" \/>\n<meta property=\"og:image\" content=\"https:\/\/faf-fr.ch\/wp-content\/uploads\/2025\/04\/Bildschirmfoto-2025-04-19-um-22.38.04.png\" \/>\n\t<meta property=\"og:image:width\" content=\"252\" \/>\n\t<meta property=\"og:image:height\" content=\"306\" \/>\n\t<meta property=\"og:image:type\" content=\"image\/png\" \/>\n<meta name=\"twitter:card\" content=\"summary_large_image\" \/>\n<meta name=\"twitter:label1\" content=\"Gesch\u00e4tzte Lesezeit\" \/>\n\t<meta name=\"twitter:data1\" content=\"1\u00a0Minute\" \/>\n<script type=\"application\/ld+json\" class=\"yoast-schema-graph\">{\"@context\":\"https:\/\/schema.org\",\"@graph\":[{\"@type\":\"WebPage\",\"@id\":\"https:\/\/faf-fr.ch\/careleaver\/\",\"url\":\"https:\/\/faf-fr.ch\/careleaver\/\",\"name\":\"Careleaver - FAF\",\"isPartOf\":{\"@id\":\"https:\/\/faf-fr.ch\/#website\"},\"primaryImageOfPage\":{\"@id\":\"https:\/\/faf-fr.ch\/careleaver\/#primaryimage\"},\"image\":{\"@id\":\"https:\/\/faf-fr.ch\/careleaver\/#primaryimage\"},\"thumbnailUrl\":\"https:\/\/faf-fr.ch\/wp-content\/uploads\/2025\/04\/Bildschirmfoto-2025-04-19-um-22.38.04.png\",\"datePublished\":\"2025-04-19T20:38:10+00:00\",\"dateModified\":\"2026-01-11T10:23:10+00:00\",\"breadcrumb\":{\"@id\":\"https:\/\/faf-fr.ch\/careleaver\/#breadcrumb\"},\"inLanguage\":\"de\",\"potentialAction\":[{\"@type\":\"ReadAction\",\"target\":[\"https:\/\/faf-fr.ch\/careleaver\/\"]}]},{\"@type\":\"ImageObject\",\"inLanguage\":\"de\",\"@id\":\"https:\/\/faf-fr.ch\/careleaver\/#primaryimage\",\"url\":\"https:\/\/faf-fr.ch\/wp-content\/uploads\/2025\/04\/Bildschirmfoto-2025-04-19-um-22.38.04.png\",\"contentUrl\":\"https:\/\/faf-fr.ch\/wp-content\/uploads\/2025\/04\/Bildschirmfoto-2025-04-19-um-22.38.04.png\"},{\"@type\":\"BreadcrumbList\",\"@id\":\"https:\/\/faf-fr.ch\/careleaver\/#breadcrumb\",\"itemListElement\":[{\"@type\":\"ListItem\",\"position\":1,\"name\":\"Startseite\",\"item\":\"https:\/\/faf-fr.ch\/\"},{\"@type\":\"ListItem\",\"position\":2,\"name\":\"Careleaver\"}]},{\"@type\":\"WebSite\",\"@id\":\"https:\/\/faf-fr.ch\/#website\",\"url\":\"https:\/\/faf-fr.ch\/\",\"name\":\"FAF\",\"description\":\"Familles d&#039;accueil Fribourgeoises | Pflegefamilien Freiburg\",\"alternateName\":\"Famille d'accueil\",\"potentialAction\":[{\"@type\":\"SearchAction\",\"target\":{\"@type\":\"EntryPoint\",\"urlTemplate\":\"https:\/\/faf-fr.ch\/?s={search_term_string}\"},\"query-input\":{\"@type\":\"PropertyValueSpecification\",\"valueRequired\":true,\"valueName\":\"search_term_string\"}}],\"inLanguage\":\"de\"}]}<\/script>\n<!-- \/ Yoast SEO plugin. -->","yoast_head_json":{"title":"Careleaver - FAF","robots":{"index":"index","follow":"follow","max-snippet":"max-snippet:-1","max-image-preview":"max-image-preview:large","max-video-preview":"max-video-preview:-1"},"canonical":"https:\/\/faf-fr.ch\/de\/careleaver\/","og_locale":"de_DE","og_type":"article","og_title":"Careleaver - FAF","og_description":"Unsere Care Leaver &#8211; Arbeit \u00a0Liebe\u00b7r Care Leaver\u00b7in, schreib uns unbedingt \u00fcber das Kontaktformular oder info@faf-fr.ch ; wir freuen uns sehr \u00fcber jeden neuen Kontakt.&hellip;","og_url":"https:\/\/faf-fr.ch\/de\/careleaver\/","og_site_name":"FAF","article_modified_time":"2026-01-11T10:23:10+00:00","og_image":[{"width":252,"height":306,"url":"https:\/\/faf-fr.ch\/wp-content\/uploads\/2025\/04\/Bildschirmfoto-2025-04-19-um-22.38.04.png","type":"image\/png"}],"twitter_card":"summary_large_image","twitter_misc":{"Gesch\u00e4tzte Lesezeit":"1\u00a0Minute"},"schema":{"@context":"https:\/\/schema.org","@graph":[{"@type":"WebPage","@id":"https:\/\/faf-fr.ch\/careleaver\/","url":"https:\/\/faf-fr.ch\/careleaver\/","name":"Careleaver - FAF","isPartOf":{"@id":"https:\/\/faf-fr.ch\/#website"},"primaryImageOfPage":{"@id":"https:\/\/faf-fr.ch\/careleaver\/#primaryimage"},"image":{"@id":"https:\/\/faf-fr.ch\/careleaver\/#primaryimage"},"thumbnailUrl":"https:\/\/faf-fr.ch\/wp-content\/uploads\/2025\/04\/Bildschirmfoto-2025-04-19-um-22.38.04.png","datePublished":"2025-04-19T20:38:10+00:00","dateModified":"2026-01-11T10:23:10+00:00","breadcrumb":{"@id":"https:\/\/faf-fr.ch\/careleaver\/#breadcrumb"},"inLanguage":"de","potentialAction":[{"@type":"ReadAction","target":["https:\/\/faf-fr.ch\/careleaver\/"]}]},{"@type":"ImageObject","inLanguage":"de","@id":"https:\/\/faf-fr.ch\/careleaver\/#primaryimage","url":"https:\/\/faf-fr.ch\/wp-content\/uploads\/2025\/04\/Bildschirmfoto-2025-04-19-um-22.38.04.png","contentUrl":"https:\/\/faf-fr.ch\/wp-content\/uploads\/2025\/04\/Bildschirmfoto-2025-04-19-um-22.38.04.png"},{"@type":"BreadcrumbList","@id":"https:\/\/faf-fr.ch\/careleaver\/#breadcrumb","itemListElement":[{"@type":"ListItem","position":1,"name":"Startseite","item":"https:\/\/faf-fr.ch\/"},{"@type":"ListItem","position":2,"name":"Careleaver"}]},{"@type":"WebSite","@id":"https:\/\/faf-fr.ch\/#website","url":"https:\/\/faf-fr.ch\/","name":"FAF","description":"Familles d&#039;accueil Fribourgeoises | Pflegefamilien Freiburg","alternateName":"Famille d'accueil","potentialAction":[{"@type":"SearchAction","target":{"@type":"EntryPoint","urlTemplate":"https:\/\/faf-fr.ch\/?s={search_term_string}"},"query-input":{"@type":"PropertyValueSpecification","valueRequired":true,"valueName":"search_term_string"}}],"inLanguage":"de"}]}},"_links":{"self":[{"href":"https:\/\/faf-fr.ch\/de\/wp-json\/wp\/v2\/pages\/29286","targetHints":{"allow":["GET"]}}],"collection":[{"href":"https:\/\/faf-fr.ch\/de\/wp-json\/wp\/v2\/pages"}],"about":[{"href":"https:\/\/faf-fr.ch\/de\/wp-json\/wp\/v2\/types\/page"}],"author":[{"embeddable":true,"href":"https:\/\/faf-fr.ch\/de\/wp-json\/wp\/v2\/users\/1"}],"replies":[{"embeddable":true,"href":"https:\/\/faf-fr.ch\/de\/wp-json\/wp\/v2\/comments?post=29286"}],"version-history":[{"count":34,"href":"https:\/\/faf-fr.ch\/de\/wp-json\/wp\/v2\/pages\/29286\/revisions"}],"predecessor-version":[{"id":29441,"href":"https:\/\/faf-fr.ch\/de\/wp-json\/wp\/v2\/pages\/29286\/revisions\/29441"}],"wp:attachment":[{"href":"https:\/\/faf-fr.ch\/de\/wp-json\/wp\/v2\/media?parent=29286"}],"curies":[{"name":"wp","href":"https:\/\/api.w.org\/{rel}","templated":true}]}}